{"id":20,"date":"2012-10-30T15:42:08","date_gmt":"2012-10-30T14:42:08","guid":{"rendered":"https:\/\/www.mikroskop-online.de\/mikroskope\/?page_id=20"},"modified":"2026-04-07T14:13:13","modified_gmt":"2026-04-07T12:13:13","slug":"home","status":"publish","type":"page","link":"https:\/\/www.mikroskop-online.de\/mikroskope\/","title":{"rendered":"Home"},"content":{"rendered":"<p style=\"text-align: center;\"><span style=\"color: #ff0000;\"><strong>\u00a0\u00a0<\/strong><\/span><strong>Wir vertreiben gebrauchte und \u00fcberpr\u00fcfte Mikroskope von Zeiss, Leitz, Leica, Wild, Olympus und Nikon<\/strong>, mikroskopische Zusatzeinrichtungen, Mikroskop Ersatzteile und f\u00fchren fachgerechte Reparaturen \/ Reinigungen \/ Justagen an Ihrem Mikroskop durch! <strong>Gern kaufen wir Ihre nicht mehr ben\u00f6tigte mikroskopische Technik zu fairen Preisen an<\/strong>, wobei wir Ihnen auch gern ein Kaufangebot f\u00fcr Ihr veraltetes, gebrauchtes und defektes Mikroskop, sowie Mikroskopie Zusatzeinrichtungen unterbreiten!<\/p>\n<p><strong><span class=\"auto-style40\">Gerne auch Angebote von nicht mehr ben\u00f6tigter mikroskopischer Technik aus Laboraufl\u00f6sungen, Institutsber\u00e4umungen, sowie mikroskopische Nachl\u00e4sse.<\/span><span style=\"font-size: small;\"> \u00a0<\/span><\/strong><\/p>\n<p><strong>Wir kaufen Ihr antikes Mikroskop<\/strong> (Messingmikroskop) von Herstellern wie z.B. Pl\u00f6ssl, Hartnack, Zeiss, Leitz, Kellner, Bethle, Fraunhofer, M\u00e4rz, Seibert, Meester, Schieck, Fuess und weitere. Ihr <strong>Fernrohr von Zeiss-Jena<\/strong>, G\u00f6rtz, Pl\u00f6ssl, oder Fraunhofer kaufen wir bei bester Bezahlung ebenfalls an. (Selbstabholung &amp; Barzahlung zugesichert)<\/p>\n<pre><img decoding=\"async\" class=\"alignright\" src=\"http:\/\/www.mikroskop-online.de\/Leica%20DMI%203000B%20-3-%20Inversmikroskop%20(6).JPG\" width=\"193\" height=\"324\" \/>   <a href=\"https:\/\/www.mikroskop-online.de\/mikroskope\/wp-content\/uploads\/2025\/12\/Zeiss-Axio-Scope-A1-Fluoreszent-6-1.jpg\"><img decoding=\"async\" class=\"wp-image-20398 alignleft\" src=\"https:\/\/www.mikroskop-online.de\/mikroskope\/wp-content\/uploads\/2025\/12\/Zeiss-Axio-Scope-A1-Fluoreszent-6-1-300x269.jpg\" alt=\"\" width=\"362\" height=\"324\" srcset=\"https:\/\/www.mikroskop-online.de\/mikroskope\/wp-content\/uploads\/2025\/12\/Zeiss-Axio-Scope-A1-Fluoreszent-6-1-300x269.jpg 300w, https:\/\/www.mikroskop-online.de\/mikroskope\/wp-content\/uploads\/2025\/12\/Zeiss-Axio-Scope-A1-Fluoreszent-6-1-64x57.jpg 64w, https:\/\/www.mikroskop-online.de\/mikroskope\/wp-content\/uploads\/2025\/12\/Zeiss-Axio-Scope-A1-Fluoreszent-6-1.jpg 670w\" sizes=\"(max-width: 362px) 100vw, 362px\" \/><\/a><img decoding=\"async\" class=\"wp-image-236 size-medium alignnone\" style=\"border: 0px currentColor;\" title=\"R. Winkel G\u00f6ttingen\" src=\"https:\/\/www.mikroskop-online.de\/mikroskope\/wp-content\/uploads\/2012\/10\/R-Winkel-Goettingen-179x300.png\" alt=\"R. Winkel G\u00f6ttingen\" width=\"179\" height=\"300\" srcset=\"https:\/\/www.mikroskop-online.de\/mikroskope\/wp-content\/uploads\/2012\/10\/R-Winkel-Goettingen-179x300.png 179w, https:\/\/www.mikroskop-online.de\/mikroskope\/wp-content\/uploads\/2012\/10\/R-Winkel-Goettingen-300x503.png 300w, https:\/\/www.mikroskop-online.de\/mikroskope\/wp-content\/uploads\/2012\/10\/R-Winkel-Goettingen.png 470w\" sizes=\"(max-width: 179px) 100vw, 179px\" \/><\/pre>\n<p>&nbsp;<\/p>\n<ul>\n<li><em><span style=\"color: #ff0000;\"><strong><u>alle angegebene Preise sind rein netto, ohne Mehrwertsteuer<\/u><\/strong><\/span><\/em><\/li>\n<li><em><span style=\"color: #ff0000;\"><strong><u>Angebote bevorzugt f\u00fcr gewerbliche Kunden, mit Angabe der Nettopreise (ohne Mehrwertsteuer)<\/u><\/strong><\/span><\/em><\/li>\n<li><em><em><span style=\"color: #ff0000;\"><strong><u>Zwischenverkauf vorbehalten<\/u><\/strong><\/span><\/em><\/em>\n<p style=\"text-align: center;\">\n<\/li>\n<\/ul>\n","protected":false},"excerpt":{"rendered":"<p>\u00a0\u00a0Wir vertreiben gebrauchte und \u00fcberpr\u00fcfte Mikroskope von Zeiss, Leitz, Leica, Wild, Olympus und Nikon, mikroskopische Zusatzeinrichtungen, Mikroskop Ersatzteile und f\u00fchren fachgerechte Reparaturen \/ Reinigungen \/ Justagen an Ihrem Mikroskop durch! Gern kaufen wir Ihre nicht mehr ben\u00f6tigte mikroskopische Technik zu fairen Preisen an, wobei wir Ihnen auch gern ein Kaufangebot f\u00fcr Ihr veraltetes, gebrauchtes und [&hellip;]<\/p>\n","protected":false},"author":1,"featured_media":0,"parent":0,"menu_order":20,"comment_status":"closed","ping_status":"open","template":"","meta":{"footnotes":""},"class_list":["post-20","page","type-page","status-publish","hentry"],"_links":{"self":[{"href":"https:\/\/www.mikroskop-online.de\/mikroskope\/wp-json\/wp\/v2\/pages\/20","targetHints":{"allow":["GET"]}}],"collection":[{"href":"https:\/\/www.mikroskop-online.de\/mikroskope\/wp-json\/wp\/v2\/pages"}],"about":[{"href":"https:\/\/www.mikroskop-online.de\/mikroskope\/wp-json\/wp\/v2\/types\/page"}],"author":[{"embeddable":true,"href":"https:\/\/www.mikroskop-online.de\/mikroskope\/wp-json\/wp\/v2\/users\/1"}],"replies":[{"embeddable":true,"href":"https:\/\/www.mikroskop-online.de\/mikroskope\/wp-json\/wp\/v2\/comments?post=20"}],"version-history":[{"count":128,"href":"https:\/\/www.mikroskop-online.de\/mikroskope\/wp-json\/wp\/v2\/pages\/20\/revisions"}],"predecessor-version":[{"id":20541,"href":"https:\/\/www.mikroskop-online.de\/mikroskope\/wp-json\/wp\/v2\/pages\/20\/revisions\/20541"}],"wp:attachment":[{"href":"https:\/\/www.mikroskop-online.de\/mikroskope\/wp-json\/wp\/v2\/media?parent=20"}],"curies":[{"name":"wp","href":"https:\/\/api.w.org\/{rel}","templated":true}]}}