{"id":53,"date":"2012-10-31T13:06:34","date_gmt":"2012-10-31T12:06:34","guid":{"rendered":"https:\/\/www.mikroskop-online.de\/mikroskope\/?page_id=53"},"modified":"2014-02-08T12:17:37","modified_gmt":"2014-02-08T11:17:37","slug":"reparatur","status":"publish","type":"page","link":"https:\/\/www.mikroskop-online.de\/mikroskope\/reparatur\/","title":{"rendered":"Reparatur"},"content":{"rendered":"<h1>Unsere Serviceleistungen im \u00dcberblick:<\/h1>\n<p><img decoding=\"async\" class=\"alignright  wp-image-231\" style=\"border: 0px none;\" title=\"Reichert Wien\" alt=\"Reichert Wien\" src=\"https:\/\/www.mikroskop-online.de\/mikroskope\/wp-content\/uploads\/2012\/10\/reichert-wien.jpg\" width=\"202\" height=\"377\" srcset=\"https:\/\/www.mikroskop-online.de\/mikroskope\/wp-content\/uploads\/2012\/10\/reichert-wien.jpg 480w, https:\/\/www.mikroskop-online.de\/mikroskope\/wp-content\/uploads\/2012\/10\/reichert-wien-300x562.jpg 300w, https:\/\/www.mikroskop-online.de\/mikroskope\/wp-content\/uploads\/2012\/10\/reichert-wien-160x300.jpg 160w\" sizes=\"(max-width: 202px) 100vw, 202px\" \/><\/p>\n<ul>\n<li>Reparieren &#8211; Justieren &#8211; Reinigen von Mikroskopen, sowie Mikroskopie-Zusatzeinrichtungen und Teilen <span style=\"color: #000000;\">(Kostenvoranschl\u00e4ge gratis)<\/span><\/li>\n<li>Reparaturm\u00f6glichkeit\u00a0f\u00fcr Markenmikroskope der Firmen: Leica, Leitz, Zeiss, Olympus, Wild,\u00a0Nikon<\/li>\n<li>Jedes Mikroskop wird von uns zerlegt, gereinigt, bei Bedarf umgefettet und justiert<\/li>\n<li>Optische und mechanische Komponenten werden \u00fcberpr\u00fcft, gereinigt und justiert<\/li>\n<li>Abschlie\u00dfend findet eine umfassende Funktionspr\u00fcfung statt<\/li>\n<li>Werkstattkosten pro Stunde <strong>129,- Euro (netto)<\/strong><\/li>\n<li>Wahlweise Pauschalpreis von <strong>299,- Euro (netto)<\/strong> + Versand + MwSt. f\u00fcr Reinigung, Fettung, Justierung und abschlie\u00dfende Funktionspr\u00fcfung eines einfachen Durchlichtmikroskops (keine Ersatzteile inbegriffen)<\/li>\n<li>Wahlweise Pauschalpreis von <strong>499,- Euro (netto)<\/strong> + Versand + MwSt. f\u00fcr Reinigung, Fettung, Justierung und abschlie\u00dfende Funktionspr\u00fcfung eines h\u00f6herwertigen, Durch- oder Auflichtmikroskops (keine Ersatzteile inbegriffen)<\/li>\n<li>Wahlweise Pauschalpreis von <strong>849,- Euro (netto)<\/strong> + Versand + MwSt. f\u00fcr Reinigung, Fettung, Justierung und abschliessende Funktionspr\u00fcfung eines hochwertigen, aufw\u00e4ndigen Durch- oder Auflicht Forschungsmikroskops (keine Ersatzteile inbegriffen)<\/li>\n<li>Aufgrund unseres\u00a0umfangreichen Lagers an Originalersatzteilen k\u00f6nnen wir\u00a0h\u00e4ufig auch Reparaturw\u00fcnsche an Mikroskopen erf\u00fcllen, f\u00fcr die vom Hersteller keine Ersatzteile mehr angeboten werden.<\/li>\n<\/ul>\n<p>Angebote bevorzugt f\u00fcr gewerbliche Kunden, deswegen Angabe der Nettopreise (Preisangaben ohne Mehrwertsteuer)!<\/p>\n<p><strong><span style=\"color: #000000;\">Bitte <span style=\"text-decoration: underline;\">vor<\/span> Zusendung Ihres Mikroskops (per E-Mail) den Zeit- und Kostenrahmen und die Ersatzteilsituation hinsichtlich Ihrer gew\u00fcnschten\u00a0Reparatur abkl\u00e4ren!<\/span><\/strong><\/p>\n<p>Bitte beachten Sie unsere <a title=\"AGB\" href=\"https:\/\/www.mikroskop-online.de\/mikroskope\/agb\/\">AGB<\/a>.<\/p>\n","protected":false},"excerpt":{"rendered":"<p>Unsere Serviceleistungen im \u00dcberblick: Reparieren &#8211; Justieren &#8211; Reinigen von Mikroskopen, sowie Mikroskopie-Zusatzeinrichtungen und Teilen (Kostenvoranschl\u00e4ge gratis) Reparaturm\u00f6glichkeit\u00a0f\u00fcr Markenmikroskope der Firmen: Leica, Leitz, Zeiss, Olympus, Wild,\u00a0Nikon Jedes Mikroskop wird von uns zerlegt, gereinigt, bei Bedarf umgefettet und justiert Optische und mechanische Komponenten werden \u00fcberpr\u00fcft, gereinigt und justiert Abschlie\u00dfend findet eine umfassende Funktionspr\u00fcfung statt Werkstattkosten pro [&hellip;]<\/p>\n","protected":false},"author":1,"featured_media":0,"parent":0,"menu_order":53,"comment_status":"closed","ping_status":"open","template":"","meta":{"footnotes":""},"class_list":["post-53","page","type-page","status-publish","hentry"],"_links":{"self":[{"href":"https:\/\/www.mikroskop-online.de\/mikroskope\/wp-json\/wp\/v2\/pages\/53","targetHints":{"allow":["GET"]}}],"collection":[{"href":"https:\/\/www.mikroskop-online.de\/mikroskope\/wp-json\/wp\/v2\/pages"}],"about":[{"href":"https:\/\/www.mikroskop-online.de\/mikroskope\/wp-json\/wp\/v2\/types\/page"}],"author":[{"embeddable":true,"href":"https:\/\/www.mikroskop-online.de\/mikroskope\/wp-json\/wp\/v2\/users\/1"}],"replies":[{"embeddable":true,"href":"https:\/\/www.mikroskop-online.de\/mikroskope\/wp-json\/wp\/v2\/comments?post=53"}],"version-history":[{"count":17,"href":"https:\/\/www.mikroskop-online.de\/mikroskope\/wp-json\/wp\/v2\/pages\/53\/revisions"}],"predecessor-version":[{"id":73,"href":"https:\/\/www.mikroskop-online.de\/mikroskope\/wp-json\/wp\/v2\/pages\/53\/revisions\/73"}],"wp:attachment":[{"href":"https:\/\/www.mikroskop-online.de\/mikroskope\/wp-json\/wp\/v2\/media?parent=53"}],"curies":[{"name":"wp","href":"https:\/\/api.w.org\/{rel}","templated":true}]}}