{"id":58,"date":"2012-10-31T13:09:54","date_gmt":"2012-10-31T12:09:54","guid":{"rendered":"https:\/\/www.mikroskop-online.de\/mikroskope\/?page_id=58"},"modified":"2022-01-01T15:13:23","modified_gmt":"2022-01-01T14:13:23","slug":"referenzen","status":"publish","type":"page","link":"https:\/\/www.mikroskop-online.de\/mikroskope\/referenzen\/","title":{"rendered":"Referenzen"},"content":{"rendered":"<h1>Auszug aus unserer internationalen Referenzliste<\/h1>\n<table>\n<tbody>\n<tr>\n<td>Forschungszentrum Karlsruhe<\/td>\n<td>76344 Eggenstein Leopoldshafen<\/td>\n<td>Deutschland<\/td>\n<\/tr>\n<tr>\n<td>Forschungszentrum Dresden Rossendorf<\/td>\n<td>01328 Dresden<\/td>\n<td>Deutschland<\/td>\n<\/tr>\n<tr>\n<td>University of Cambridge<\/td>\n<td>Cambridge CB2 3EJ<\/td>\n<td>Grossbritannien<\/td>\n<\/tr>\n<tr>\n<td>DuPont Performance Coatings GmbH<\/td>\n<td>42285 Wuppertal<\/td>\n<td>Deutschland<\/td>\n<\/tr>\n<tr>\n<td>Alcan Rhenalu<\/td>\n<td>F-68600 Biesheim<\/td>\n<td>Frankreich<\/td>\n<\/tr>\n<tr>\n<td>Naturkundemuseum der Humboldt Universit\u00e4t<\/td>\n<td>10115 Berlin<\/td>\n<td>Deutschland<\/td>\n<\/tr>\n<tr>\n<td>R\u00f6misch Germanisches Zentralmuseum<\/td>\n<td>55116 Mainz<\/td>\n<td>Deutschland<\/td>\n<\/tr>\n<tr>\n<td>Deutsches Herzzentrum Berlin<\/td>\n<td>13353 Berlin<\/td>\n<td>Deutschland<\/td>\n<\/tr>\n<tr>\n<td>Charite Virchow Klinikum Berlin<\/td>\n<td>13353 Berlin<\/td>\n<td>Deutschland<\/td>\n<\/tr>\n<tr>\n<td>FQZ Oderbr\u00fccke GmbH<\/td>\n<td>15890 Eisenh\u00fcttenstadt<\/td>\n<td>Deutschland<\/td>\n<\/tr>\n<tr>\n<td>Universit\u00e4tsklinikum Essen<\/td>\n<td>45122 Essen<\/td>\n<td>Deutschland<\/td>\n<\/tr>\n<tr>\n<td>Lihir Medical Centre, Matt Weinig (MD) Chief Medical Officer<\/td>\n<td>Lihir, New Ireland Province<\/td>\n<td>Papua, New Guinea<\/td>\n<\/tr>\n<tr>\n<td>Universit\u00e4tsklinikum Regensburg<\/td>\n<td>93042 Regensburg<\/td>\n<td>Deutschland<\/td>\n<\/tr>\n<tr>\n<td>Kontec Mess &amp; Pr\u00fcftechnik GmbH<\/td>\n<td>70825 Korntal<\/td>\n<td>Deutschland<\/td>\n<\/tr>\n<tr>\n<td>Leibnitz Institut f\u00fcr Meereswissenschaften<\/td>\n<td>24148 Kiel<\/td>\n<td>Deutschland<\/td>\n<\/tr>\n<tr>\n<td>Max Planck Institut f\u00fcr Z\u00fcchtungsforschung<\/td>\n<td>50829 K\u00f6ln<\/td>\n<td>Deutschland<\/td>\n<\/tr>\n<tr>\n<td>Stephen F. Austin State University<\/td>\n<td>TX 75962-3011<\/td>\n<td>USA<\/td>\n<\/tr>\n<tr>\n<td>Pall Filtersysteme GmbH<\/td>\n<td>55543 Bad Kreuznach<\/td>\n<td>Deutschland<\/td>\n<\/tr>\n<tr>\n<td>Karolinska Universitetssjukhuset<\/td>\n<td>14186 Stockholm<\/td>\n<td>Schweden<\/td>\n<\/tr>\n<tr>\n<td>Johannes Gutenberg Universit\u00e4t<\/td>\n<td>55099 Mainz<\/td>\n<td>Deutschland<\/td>\n<\/tr>\n<tr>\n<td>TU Graz<\/td>\n<td>8010 Graz<\/td>\n<td>\u00d6sterreich<\/td>\n<\/tr>\n<tr>\n<td>Deutsches Geoforschungszentrum<\/td>\n<td>14473 Potsdam<\/td>\n<td>Deutschland<\/td>\n<\/tr>\n<tr>\n<td>Max-Planck- Institut Golm-Potsdam<\/td>\n<td>14476 Potsdam<\/td>\n<td>Deutschland<\/td>\n<\/tr>\n<tr>\n<td>TU Delft<\/td>\n<td>NL-2628 CN Delft<\/td>\n<td>Niederlande<\/td>\n<\/tr>\n<tr>\n<td>Pentapharm AG<\/td>\n<td>4002 Basel<\/td>\n<td>Schweiz<\/td>\n<\/tr>\n<tr>\n<td>Universitat ed Barcelona<\/td>\n<td>08028 Barcelona<\/td>\n<td>Spanien<\/td>\n<\/tr>\n<tr>\n<td>Ammtec Ltd.<\/td>\n<td>WA 6021 Balcatta<\/td>\n<td>Australien<\/td>\n<\/tr>\n<tr>\n<td>University of Bath<\/td>\n<td>BA2 7AY<\/td>\n<td>Grossbritannien<\/td>\n<\/tr>\n<tr>\n<td>Otto Schott Forschungszentrum<\/td>\n<td>55127 Mainz<\/td>\n<td>Deutschland<\/td>\n<\/tr>\n<tr>\n<td>Uniklinikum Magdeburg<\/td>\n<td>39120 Magdeburg<\/td>\n<td>Deutschland<\/td>\n<\/tr>\n<tr>\n<td>Biotest AG<\/td>\n<td>63266 Dreieich<\/td>\n<td>Deutschland<\/td>\n<\/tr>\n<tr>\n<td>Leica Microsystems GmbH<\/td>\n<td>35578 Wetzlar<\/td>\n<td>Deutschland<\/td>\n<\/tr>\n<tr>\n<td>Staatliche Akademie der bildenden K\u00fcnste<\/td>\n<td>70191 Stuttgart<\/td>\n<td>Deutschland<\/td>\n<\/tr>\n<tr>\n<td>Max-Planck- Institut f\u00fcr biophysik. Chemie<\/td>\n<td>37077 G\u00f6ttingen<\/td>\n<td>Deutschland<\/td>\n<\/tr>\n<tr>\n<td>BTU Cottbus<\/td>\n<td>03046 Cottbus<\/td>\n<td>Deutschland<\/td>\n<\/tr>\n<tr>\n<td>Forschungszentrum J\u00fclich GmbH<\/td>\n<td>52428 J\u00fclich<\/td>\n<td>Deutschland<\/td>\n<\/tr>\n<tr>\n<td>Abbas Medizintechnik GmbH<\/td>\n<td>56567 Neuwied<\/td>\n<td>Deutschland<\/td>\n<\/tr>\n<tr>\n<td>New Dent AG<\/td>\n<td>4702 Oensingen<\/td>\n<td>Schweiz<\/td>\n<\/tr>\n<tr>\n<td>Universit\u00e4tsklinikum Essen<\/td>\n<td>45122 Essen<\/td>\n<td>Deutschland<\/td>\n<\/tr>\n<tr>\n<td>Evangelische Akademie<\/td>\n<td>18055 Rostock<\/td>\n<td>Deutschland<\/td>\n<\/tr>\n<tr>\n<td>Universit\u00e4tsklinikum Regensburg<\/td>\n<td>93042 Regensburg<\/td>\n<td>Deutschland<\/td>\n<\/tr>\n<tr>\n<td>Luftwaffenwerft 84<\/td>\n<td>53887 Mechernich<\/td>\n<td>Deutschland<\/td>\n<\/tr>\n<tr>\n<td>Universit\u00e4tsklinikum Heidelberg<\/td>\n<td>69120 Heidelberg<\/td>\n<td>Deutschland<\/td>\n<\/tr>\n<tr>\n<td>Johann-Heinrich von Th\u00fcnen Institut<\/td>\n<td>21031 Hamburg<\/td>\n<td>Deutschland<\/td>\n<\/tr>\n<tr>\n<td>Technische Universit\u00e4t Wien<\/td>\n<td>1040 Wien<\/td>\n<td>\u00d6sterreich<\/td>\n<\/tr>\n<tr>\n<td>Wilhelm Hack Museum<\/td>\n<td>67012 Ludwigshafen\/Rhein<\/td>\n<td>Deutschland<\/td>\n<\/tr>\n<tr>\n<td>Staatl. Museum f\u00fcr Naturkunde<\/td>\n<td>70191 Stuttgart<\/td>\n<td>Deutschland<\/td>\n<\/tr>\n<tr>\n<td>University of Bath<\/td>\n<td>Bath BA2 7AY<\/td>\n<td>Gro\u00dfbritannien<\/td>\n<\/tr>\n<tr>\n<td>Microvision Instruments<\/td>\n<td>91047 Evry Cedex<\/td>\n<td>Frankreich<\/td>\n<\/tr>\n<tr>\n<td>VDO Automotive AG<\/td>\n<td>93055 Regensburg<\/td>\n<td>Deutschland<\/td>\n<\/tr>\n<tr>\n<td>Albert Ludwig Universit\u00e4t<\/td>\n<td>79104 Freiburg<\/td>\n<td>Deutschland<\/td>\n<\/tr>\n<tr>\n<td>Padjadjaran University<\/td>\n<td>Bandung &#8211; West Java<\/td>\n<td>Indonesien<\/td>\n<\/tr>\n<tr>\n<td>Beru AG<\/td>\n<td>71636 Ludwigsburg<\/td>\n<td>Deutschland<\/td>\n<\/tr>\n<tr>\n<td>Newport Spectra Physics GmbH<\/td>\n<td>14532 Stahnsdorf<\/td>\n<td>Deutschland<\/td>\n<\/tr>\n<tr>\n<td>Geomaterial Ltd.<\/td>\n<td>Essex SS 14 3AL<\/td>\n<td>Gro\u00dfbritannien<\/td>\n<\/tr>\n<tr>\n<td>Justus Liebig Universit\u00e4t Gie\u00dfen<\/td>\n<td>35392 Gie\u00dfen<\/td>\n<td>Deutschland<\/td>\n<\/tr>\n<tr>\n<td>Croatian Natural History Museum<\/td>\n<td>HR-10000 Zagreb<\/td>\n<td>Kroatien<\/td>\n<\/tr>\n<tr>\n<td>MultiWave Photonics, SA<\/td>\n<td>PT-4470-605 Moreira da Maia<\/td>\n<td>Portugal<\/td>\n<\/tr>\n<tr>\n<td>Deutsches Textilforschungszentrum<\/td>\n<td>47798 Krefeld<\/td>\n<td>Deutschland<\/td>\n<\/tr>\n<tr>\n<td>Kordt GmbH<\/td>\n<td>52249 Eschweiler<\/td>\n<td>Deutschland<\/td>\n<\/tr>\n<tr>\n<td>Wekstoffuntersuchungslabor<br \/>\nHe\u00df<\/td>\n<td>85049 Ingolstadt<\/td>\n<td>Deutschland<\/td>\n<\/tr>\n<tr>\n<td>Leibnitz Institut f\u00fcr Arterioskleroseforschung<\/td>\n<td>48149 M\u00fcnster<\/td>\n<td>Deutschland<\/td>\n<\/tr>\n<tr>\n<td>Universit\u00e4tsklinikum Hamburg Eppendorf<\/td>\n<td>20246 Hamburg<\/td>\n<td>Deutschland<\/td>\n<\/tr>\n<tr>\n<td>Universit\u00e4tsklinikum Homburg<\/td>\n<td>66421 Homburg<\/td>\n<td>Deutschland<\/td>\n<\/tr>\n<tr>\n<td>Deutsches Krebsforschungszentrum<\/td>\n<td>69120 Heidelberg<\/td>\n<td>Deutschland<\/td>\n<\/tr>\n<tr>\n<td>Angelo-Leonisches Werk<\/td>\n<td>A-6135 Stans<\/td>\n<td>\u00d6sterreich<\/td>\n<\/tr>\n<tr>\n<td>University of California<\/td>\n<td>US-Los Angeles CA<br \/>\n90095-1759<\/td>\n<td>USA<\/td>\n<\/tr>\n<tr>\n<td>Druck &amp; Papier Meyer GmbH<\/td>\n<td>91443 Scheinfeldt<\/td>\n<td>Deutschland<\/td>\n<\/tr>\n<tr>\n<td>Meopta Optika s.r.o<\/td>\n<td>CZ 75002 Prerov<\/td>\n<td>Tschechien<\/td>\n<\/tr>\n<tr>\n<td>LST Lasertechnin oHG<\/td>\n<td>58507 L\u00fcdenscheidt<\/td>\n<td>Deutschland<\/td>\n<\/tr>\n<tr>\n<td>Institut f\u00fcr Pathologie GbR<\/td>\n<td>73730 Esslingen<\/td>\n<td>Deutschland<\/td>\n<\/tr>\n<tr>\n<td>BMB The Coating Company GmbH<\/td>\n<td>99625 K\u00f6lleda<\/td>\n<td>Deutschland<\/td>\n<\/tr>\n<tr>\n<td>Systemics Elektronik GmbH<\/td>\n<td>85540 Haar<\/td>\n<td>Deutschland<\/td>\n<\/tr>\n<tr>\n<td>Schwenner Peter GmbH<\/td>\n<td>59069 Hamm<\/td>\n<td>Deutschland<\/td>\n<\/tr>\n<tr>\n<td>Miller Optik<\/td>\n<td>A-6020 Innsbruck<\/td>\n<td>\u00d6sterreich<\/td>\n<\/tr>\n<tr>\n<td>Universit\u00e4ts Frauenklinik Graz<\/td>\n<td>A-8036 Graz<\/td>\n<td>\u00d6sterreich<\/td>\n<\/tr>\n<tr>\n<td>Universit\u00e4t Bielefeld<\/td>\n<td>33615 Bielefeld<\/td>\n<td>Deutschland<\/td>\n<\/tr>\n<tr>\n<td>Martin Luther Universit\u00e4t Halle<\/td>\n<td>06097 Halle<\/td>\n<td>Deutschland<\/td>\n<\/tr>\n<tr>\n<td>ACAL GmbH<\/td>\n<td>74223 Flein Heilbronn<\/td>\n<td>Deutschland<\/td>\n<\/tr>\n<tr>\n<td>BEW Umformtechnik GmbH<\/td>\n<td>74538 Rosengarten<\/td>\n<td>Deutschland<\/td>\n<\/tr>\n<tr>\n<td>M\u00e4rzh\u00e4user Wetzlar GmbH &amp; Co. KG<\/td>\n<td>35579 Wetzlar<\/td>\n<td>Deutschland<\/td>\n<\/tr>\n<tr>\n<td>Carl Zeiss NTS GmbH<\/td>\n<td>73447 Oberkochen<\/td>\n<td>Deutschland<\/td>\n<\/tr>\n<tr>\n<td>AHC Oberfl\u00e4chentechnik GmbH<\/td>\n<td>73061 Ebersbach<\/td>\n<td>Deutschland<\/td>\n<\/tr>\n<tr>\n<td>Schott Solar GmbH<\/td>\n<td>63755 Alzenau<\/td>\n<td>Deutschland<\/td>\n<\/tr>\n<tr>\n<td>Universit\u00e4t Hohenheim<\/td>\n<td>70593 Stuttgart<\/td>\n<td>Deutschland<\/td>\n<\/tr>\n<tr>\n<td>Lehrstuhl f\u00fcr Bioverfahrenstechnik<\/td>\n<td>91052 Erlangen<\/td>\n<td>Deutschland<\/td>\n<\/tr>\n<tr>\n<td>Marco A . Salcedo Tineo<\/td>\n<td>LIMA 12<\/td>\n<td>Peru<\/td>\n<\/tr>\n<tr>\n<td>BS Partikel GmbH<\/td>\n<td>65205 Wiesbaden<\/td>\n<td>Deutschland<\/td>\n<\/tr>\n<tr>\n<td>Planregal Region Europe<\/td>\n<td>40721 Hilden<\/td>\n<td>Deutschland<\/td>\n<\/tr>\n<tr>\n<td>Segeberger Kliniken GmbH<\/td>\n<td>23795 Bad Segeberg<\/td>\n<td>Deutschland<\/td>\n<\/tr>\n<tr>\n<td>Siegert TFT GmbH<\/td>\n<td>07629 Hermsdorf<\/td>\n<td>Deutschland<\/td>\n<\/tr>\n<tr>\n<td>Gemeinschaftspraxis f\u00fcr Pathologie<\/td>\n<td>35398 Gie\u00dfen<\/td>\n<td>Deutschland<\/td>\n<\/tr>\n<tr>\n<td>Takashi Suzuki<\/td>\n<td>J-192-0902 Tokyo<\/td>\n<td>Japan<\/td>\n<\/tr>\n<tr>\n<td>Roger NGO<\/td>\n<td>F-75014 Paris<\/td>\n<td>Frankreich<\/td>\n<\/tr>\n<tr>\n<td>Gontermann Peipers GmbH<\/td>\n<td>57074 Siegen<\/td>\n<td>Deutschland<\/td>\n<\/tr>\n<tr>\n<td>Radio2 tav Steurbaut<\/td>\n<td>BL-9000 Gent<\/td>\n<td>Belgien<\/td>\n<\/tr>\n<tr>\n<td>Profit 90 Ltd.<\/td>\n<td>HU &#8211; 1106 Budapest<\/td>\n<td>Ungarn<\/td>\n<\/tr>\n<tr>\n<td>Epigap Optoelektronik GmbH<\/td>\n<td>12555 Berlin<\/td>\n<td>Deutschland<\/td>\n<\/tr>\n<tr>\n<td>TU Bergakademie Freiberg<\/td>\n<td>09596 Freiberg<\/td>\n<td>Deutschland<\/td>\n<\/tr>\n<tr>\n<td>Institut f\u00fcr schulische Fortbildung<\/td>\n<td>67346 Speyer<\/td>\n<td>Deutschland<\/td>\n<\/tr>\n<tr>\n<td>Gymnasium Trossingen<\/td>\n<td>78647 Trossingen<\/td>\n<td>Deutschland<\/td>\n<\/tr>\n<tr>\n<td>Albert Bursch Medizintechnik GmbH<\/td>\n<td>59229 Ahlen<\/td>\n<td>Deutschland<\/td>\n<\/tr>\n<tr>\n<td>Aqua Medic GmbH<\/td>\n<td>49143 Bissendorf<\/td>\n<td>Deutschland<\/td>\n<\/tr>\n<tr>\n<td>SEW Eurodrive GmbH &amp; Co KG<\/td>\n<td>76646 Bruchsal<\/td>\n<td>Deutschland<\/td>\n<\/tr>\n<tr>\n<td>Grieshaber GmbH &amp; Co. KG<\/td>\n<td>77757 Schiltach<\/td>\n<td>Deutschland<\/td>\n<\/tr>\n<tr>\n<td>BASF Aktiengesellschaft &#8211; Agrarzentrum<\/td>\n<td>67114 Limburgerhof<\/td>\n<td>Deutschland<\/td>\n<\/tr>\n<tr>\n<td>Sch\u00e4fer KG<\/td>\n<td>71272 Renningen<\/td>\n<td>Deutschland<\/td>\n<\/tr>\n<tr>\n<td>Realschule Oberkirch<\/td>\n<td>77704 Oberkirch<\/td>\n<td>Deutschland<\/td>\n<\/tr>\n<tr>\n<td>Hydac Technology GmbH<\/td>\n<td>66273 Sulzbach<\/td>\n<td>Deutschland<\/td>\n<\/tr>\n<tr>\n<td>Haase Medizintechnik<\/td>\n<td>59379 Selm<\/td>\n<td>Deutschland<\/td>\n<\/tr>\n<tr>\n<td>Inspiratech 2000 Ltd.<\/td>\n<td>GB-Rugby, Warwickshire<br \/>\nCV227JP<\/td>\n<td>Gro\u00dfbritannien<\/td>\n<\/tr>\n<tr>\n<td>SDS Security Data Systems GmbH<\/td>\n<td>40599 D\u00fcsseldorf<\/td>\n<td>Deutschland<\/td>\n<\/tr>\n<tr>\n<td>Universit\u00e4t des Saarlandes<\/td>\n<td>66123 Saarbr\u00fccken<\/td>\n<td>Deutschland<\/td>\n<\/tr>\n<tr>\n<td>Volksschule St. Martin<\/td>\n<td>A-8543 St. Martin<br \/>\ni.S.<\/td>\n<td>\u00d6sterreich<\/td>\n<\/tr>\n<tr>\n<td>LMV Medizintechnik<\/td>\n<td>69168 Wiesloch<\/td>\n<td>Deutschland<\/td>\n<\/tr>\n<tr>\n<td>Institut f\u00fcr Virologie<\/td>\n<td>35392 Gie\u00dfen<\/td>\n<td>Deutschland<\/td>\n<\/tr>\n<tr>\n<td>Institut f\u00fcr angewandte \u00d6kologie GmbH<\/td>\n<td>18184 Broderstorf<\/td>\n<td>Deutschland<\/td>\n<\/tr>\n<tr>\n<td>Fisher Scientific<\/td>\n<td>58239 Schwerte-Geisecke<\/td>\n<td>Deutschland<\/td>\n<\/tr>\n<tr>\n<td>Koscher &amp; W\u00fcrtz GmbH<\/td>\n<td>78549 Spaichingen<\/td>\n<td>Deutschland<\/td>\n<\/tr>\n<tr>\n<td>Paragon AG<\/td>\n<td>33129 Delbr\u00fcck<\/td>\n<td>Deutschland<\/td>\n<\/tr>\n<tr>\n<td>Facolta di Agraria Campus<\/td>\n<td>I-70126 Bari<\/td>\n<td>Italien<\/td>\n<\/tr>\n<tr>\n<td>Institut f\u00fcr Astronomie<\/td>\n<td>A-1180 Wien<\/td>\n<td>\u00d6sterreich<\/td>\n<\/tr>\n<tr>\n<td>Universit\u00e4tsklinik f\u00fcr Neurochirurgie<\/td>\n<td>53105 Bonn<\/td>\n<td>Deutschland<\/td>\n<\/tr>\n<tr>\n<td>Staatsbibliothek Berlin<\/td>\n<td>10117 Berlin<\/td>\n<td>Deutschland<\/td>\n<\/tr>\n<tr>\n<td>Ruhr Universit\u00e4t Bochum<\/td>\n<td>44780 Bochum<\/td>\n<td>Deutschland<\/td>\n<\/tr>\n<tr>\n<td>Strahlentherapie Bonn-Rhein-Sieg<\/td>\n<td>53177 Bonn<\/td>\n<td>Deutschland<\/td>\n<\/tr>\n<tr>\n<td>Hagalis AG<\/td>\n<td>88662 \u00dcberlingen<\/td>\n<td>Deutschland<\/td>\n<\/tr>\n<tr>\n<td>Zentrallabor Witowski<\/td>\n<td>55232 Alzey<\/td>\n<td>Deutschland<\/td>\n<\/tr>\n<tr>\n<td>Laser Zentrum Hannover<\/td>\n<td>30619 Hannover<\/td>\n<td>Deutschland<\/td>\n<\/tr>\n<tr>\n<td>Thomas Kline<\/td>\n<td>US-Cordova,<br \/>\nAK 99574<\/td>\n<td>USA<\/td>\n<\/tr>\n<tr>\n<td>Dwight Betts<\/td>\n<td>US-Ovilla TX75154<\/td>\n<td>USA<\/td>\n<\/tr>\n<tr>\n<td>Alejandro Garcia<\/td>\n<td>US-Los Angeles CA 90031<\/td>\n<td>USA<\/td>\n<\/tr>\n<tr>\n<td>Dept. Of Physics and Astronomy<\/td>\n<td>US-Lincoln NE 68588-0111<\/td>\n<td>USA<\/td>\n<\/tr>\n<tr>\n<td>Santiago Serrano Junquera<\/td>\n<td>ES-Candas<\/td>\n<td>Spanien<\/td>\n<\/tr>\n<tr>\n<td>Emilo Carabajal Marquez<\/td>\n<td>ES-28027 Madrid<\/td>\n<td>Spanien<\/td>\n<\/tr>\n<tr>\n<td>EXCEL Vision GmbH<\/td>\n<td>10559 Berlin<\/td>\n<td>Deutschland<\/td>\n<\/tr>\n<tr>\n<td>CrysTec Kristalltechnolgie GmbH<\/td>\n<td>12555 Berlin<\/td>\n<td>Deutschland<\/td>\n<\/tr>\n<tr>\n<td>Goepel Electronic GmbH<\/td>\n<td>7745 Jena<\/td>\n<td>Deutschland<\/td>\n<\/tr>\n<tr>\n<td>Peter Lodek<\/td>\n<td>PL-46-300<br \/>\nOlesno<\/td>\n<td>Polen<\/td>\n<\/tr>\n<tr>\n<td>Jacob &amp; Naumann gbR<\/td>\n<td>7743 Jena<\/td>\n<td>Deutschland<\/td>\n<\/tr>\n<tr>\n<td>Jullien Division of Saic<\/td>\n<td>US-Chantilly VI 20151<\/td>\n<td>USA<\/td>\n<\/tr>\n<tr>\n<td>UFA Film &amp; TV Produktion<\/td>\n<td>14482 Potsdam<\/td>\n<td>Deutschland<\/td>\n<\/tr>\n<tr>\n<td>Max Planck Institut f\u00fcr Mikrostrukturphysik<\/td>\n<td>06120 Halle<\/td>\n<td>Deutschland<\/td>\n<\/tr>\n<tr>\n<td>Optrotherm GmbH<\/td>\n<td>65933 Frankfurt<\/td>\n<td>Deutschland<\/td>\n<\/tr>\n<tr>\n<td>Arau GmbH<\/td>\n<td>73614 Schorndorf<\/td>\n<td>Deutschland<\/td>\n<\/tr>\n<tr>\n<td>John<br \/>\nPeek<\/td>\n<td>GB-Southend-on-sea,<br \/>\nEssex SS1<\/td>\n<td>Gro\u00dfbritannien<\/td>\n<\/tr>\n<tr>\n<td>Siemens AG<\/td>\n<td>91052 Erlangen<\/td>\n<td>Deutschland<\/td>\n<\/tr>\n<tr>\n<td>Bildungszentrum Holstein<\/td>\n<td>23569 L\u00fcbeck<\/td>\n<td>Deutschland<\/td>\n<\/tr>\n<tr>\n<td>Charite Universit\u00e4tsmedizin Berlin<\/td>\n<td>13125 Berlin<\/td>\n<td>Deutschland<\/td>\n<\/tr>\n<tr>\n<td>David Paschke<\/td>\n<td>US-MA 01775<\/td>\n<td>USA<\/td>\n<\/tr>\n<tr>\n<td>ASMT GmbH<\/td>\n<td>CH-9230<br \/>\nFlawil<\/td>\n<td>Schweiz<\/td>\n<\/tr>\n<tr>\n<td>Microelectronic Packaging Dresden GmbH<\/td>\n<td>01109 Dresden<\/td>\n<td>Deutschland<\/td>\n<\/tr>\n<tr>\n<td>Institut f\u00fcr Quantenoptik<\/td>\n<td>30167 Hannover<\/td>\n<td>Deutschland<\/td>\n<\/tr>\n<tr>\n<td>Peter Zonnevylle<\/td>\n<td>AS-Concord West new South<br \/>\nWales<\/td>\n<td>Australien<\/td>\n<\/tr>\n<tr>\n<td>Universit\u00e4t Potsdam<\/td>\n<td>14476 Golm<\/td>\n<td>Deutschland<\/td>\n<\/tr>\n<tr>\n<td>NZOZ Medeor Sp.z.o.o<\/td>\n<td>PL-64-100<br \/>\nLeszno<\/td>\n<td>Polen<\/td>\n<\/tr>\n<tr>\n<td>T-Systems GmbH<\/td>\n<td>60528 Frankfurt<\/td>\n<td>Deutschland<\/td>\n<\/tr>\n<tr>\n<td>Friedrich Schiller Universit\u00e4t Jena<\/td>\n<td>07743 Jena<\/td>\n<td>Deutschland<\/td>\n<\/tr>\n<tr>\n<td>Bjorn Riise<\/td>\n<td>S-Sollentuna 19146<\/td>\n<td>Schweden<\/td>\n<\/tr>\n<tr>\n<td>John Field<\/td>\n<td>US-Santa Cruz, CA 95060-3139<\/td>\n<td>USA<\/td>\n<\/tr>\n<tr>\n<td>University of Nebraska Lincoln<\/td>\n<td>US-Lincoln,<br \/>\nNE 68588-0111<\/td>\n<td>USA<\/td>\n<\/tr>\n<tr>\n<td>Dura Einbeck GmbH<\/td>\n<td>37574 Einbeck<\/td>\n<td>Deutschland<\/td>\n<\/tr>\n<tr>\n<td>Eisen Palmen GmbH<\/td>\n<td>52070 Aachen<\/td>\n<td>Deutschland<\/td>\n<\/tr>\n<tr>\n<td>HDZ Pr\u00fcf &amp; Analysenlabor GbR<\/td>\n<td>52134 Herzogenrath<\/td>\n<td>Deutschland<\/td>\n<\/tr>\n<tr>\n<td>IOS Instruments<\/td>\n<td>A-9601 Arnoldstein<\/td>\n<td>\u00d6sterreich<\/td>\n<\/tr>\n<tr>\n<td>Dr. Balazs Tibor<\/td>\n<td>H-1165 Budapest<\/td>\n<td>Ungarn<\/td>\n<\/tr>\n<tr>\n<td>Vermont Optechs Inc.<\/td>\n<td>US-Charlotte,<br \/>\nVT 05445<\/td>\n<td>USA<\/td>\n<\/tr>\n<tr>\n<td>RWTH Aachen<\/td>\n<td>52056 Aachen<\/td>\n<td>Deutschland<\/td>\n<\/tr>\n<tr>\n<td>Infra Leuna Service GmbH<\/td>\n<td>06234 Leuna<\/td>\n<td>Deutschland<\/td>\n<\/tr>\n<tr>\n<td>Poul Baekhoj<\/td>\n<td>DK-9560 Hadsund<\/td>\n<td>D\u00e4nemark<\/td>\n<\/tr>\n<tr>\n<td>Layertec GmbH<\/td>\n<td>99441 Mellingen<\/td>\n<td>Deutschland<\/td>\n<\/tr>\n<tr>\n<td>Felten Dichtungstechnik<\/td>\n<td>75059 Zaisenhausen<\/td>\n<td>Deutschland<\/td>\n<\/tr>\n<tr>\n<td>Scope International AG<\/td>\n<td>22525 Hamburg<\/td>\n<td>Deutschland<\/td>\n<\/tr>\n<tr>\n<td>Felix Lee<\/td>\n<td>HK- Flat 1016<\/td>\n<td>Hong Kong<\/td>\n<\/tr>\n<tr>\n<td>Profit 90 Kft.<\/td>\n<td>HU-1106 Budapest<\/td>\n<td>Ungarn<\/td>\n<\/tr>\n<tr>\n<td>RIGO Spanntechnik<\/td>\n<td>74372 Sersheim<\/td>\n<td>Deutschland<\/td>\n<\/tr>\n<tr>\n<td>Siemens AG<\/td>\n<td>91052 Erlangen<\/td>\n<td>Deutschland<\/td>\n<\/tr>\n<tr>\n<td>Pathologisches Anatomisches Institut<\/td>\n<td>93049 Regensburg<\/td>\n<td>Deutschland<\/td>\n<\/tr>\n<tr>\n<td>Probe Factory GmbH<\/td>\n<td>81245 M\u00fcnchen<\/td>\n<td>Deutschland<\/td>\n<\/tr>\n<tr>\n<td>Fachhochschule Emden<\/td>\n<td>26723 Emden<\/td>\n<td>Deutschland<\/td>\n<\/tr>\n<tr>\n<td>Universit\u00e4t Hannover<\/td>\n<td>30167 Hannover<\/td>\n<td>Deutschland<\/td>\n<\/tr>\n<tr>\n<td>Universit\u00e4t W\u00fcrzburg<\/td>\n<td>97070 W\u00fcrzburg<\/td>\n<td>Deutschland<\/td>\n<\/tr>\n<tr>\n<td>Mayne Pharma GmbH<\/td>\n<td>85540 Haar<\/td>\n<td>Deutschland<\/td>\n<\/tr>\n<tr>\n<td>Pekka Eriksson<\/td>\n<td>F-33560 Tampere<\/td>\n<td>Finnland<\/td>\n<\/tr>\n<tr>\n<td>Freie Universit\u00e4t Berlin<\/td>\n<td>14195 Berlin<\/td>\n<td>Deutschland<\/td>\n<\/tr>\n<tr>\n<td>Ackermann Instrumente GmbH<\/td>\n<td>78604 Weilheim<\/td>\n<td>Deutschland<\/td>\n<\/tr>\n<tr>\n<td>Innolab GmbH<\/td>\n<td>CH-8605 Gutenswil<\/td>\n<td>Schweiz<\/td>\n<\/tr>\n<tr>\n<td>Prefag Rivoir GmbH &amp; Co. KG<\/td>\n<td>75045 Walzbachtal<\/td>\n<td>Deutschland<\/td>\n<\/tr>\n<tr>\n<td>De Haas Optical Engineering<\/td>\n<td>US-Los Angeles Ca. 90064<\/td>\n<td>USA<\/td>\n<\/tr>\n<tr>\n<td>Theta System Elektronik GmbH<\/td>\n<td>82194 Gr\u00f6benzell<\/td>\n<td>Deutschland<\/td>\n<\/tr>\n<tr>\n<td>EMC Deutschland GmbH<\/td>\n<td>22083 Hamburg<\/td>\n<td>Deutschland<\/td>\n<\/tr>\n<tr>\n<td>Dr. Sch\u00e4r GmbH<\/td>\n<td>I-39014<br \/>\nBurgstall<\/td>\n<td>Italien<\/td>\n<\/tr>\n<tr>\n<td>U2T Photonics AG<\/td>\n<td>10553 Berlin<\/td>\n<td>Deutschland<\/td>\n<\/tr>\n<tr>\n<td>Micro Mechanique<\/td>\n<td>F-91055<br \/>\nEvry<\/td>\n<td>Frankreich<\/td>\n<\/tr>\n<tr>\n<td>Inter B. Egyeni ceg.<\/td>\n<td>H-3526 Miskolc<\/td>\n<td>Ungarn<\/td>\n<\/tr>\n<tr>\n<td>Rheumaklinik Bad Bramstedt<\/td>\n<td>24576 Bad Bramstedt<\/td>\n<td>Deutschland<\/td>\n<\/tr>\n<tr>\n<td>Gufo GmbH<\/td>\n<td>CH-9470 Werdenberg<\/td>\n<td>Schweiz<\/td>\n<\/tr>\n<tr>\n<td>Edero GmbH Folientechnik<\/td>\n<td>58739 Wickede<\/td>\n<td>Deutschland<\/td>\n<\/tr>\n<tr>\n<td>AEA Technology QSA GmbH<\/td>\n<td>38110 Braunschweig<\/td>\n<td>Deutschland<\/td>\n<\/tr>\n<tr>\n<td>Institut Royal Sciences Naturelles<\/td>\n<td>B-1000 Bruxelles<\/td>\n<td>Belgien<\/td>\n<\/tr>\n<tr>\n<td>TU Cottbus<\/td>\n<td>03044 Cottbus<\/td>\n<td>Deutschland<\/td>\n<\/tr>\n<tr>\n<td>Articon Restorations<\/td>\n<td>B-2290 Vorselaar<\/td>\n<td>Belgien<\/td>\n<\/tr>\n<tr>\n<td>Institut f\u00fcr Biophysik &amp; R\u00f6ntgenforschung<\/td>\n<td>A-8042 Graz<\/td>\n<td>\u00d6sterreich<\/td>\n<\/tr>\n<tr>\n<td>Astronomix<\/td>\n<td>F-75003 Paris<\/td>\n<td>Frankreich<\/td>\n<\/tr>\n<tr>\n<td>Heinz Hugo Dr.Alber<\/td>\n<td>J-4660815<br \/>\nNagova<\/td>\n<td>Japan<\/td>\n<\/tr>\n<tr>\n<td>Fa. Atholanz SL<\/td>\n<td>ES-35509<br \/>\nNazaret<\/td>\n<td>Spanien<\/td>\n<\/tr>\n<tr>\n<td>Latoschik &amp; Fischer GmbH<\/td>\n<td>32120 Hiddenhausen<\/td>\n<td>Deutschland<\/td>\n<\/tr>\n<tr>\n<td>Max Planck Institut<\/td>\n<td>40237 D\u00fcsseldorf<\/td>\n<td>Deutschland<\/td>\n<\/tr>\n<tr>\n<td>Universit\u00e4t Kaiserslautern<\/td>\n<td>67663 Kaiserslautern<\/td>\n<td>Deutschland<\/td>\n<\/tr>\n<tr>\n<td>Lemo Elektronik GmbH<\/td>\n<td>81829 M\u00fcnchen<\/td>\n<td>Deutschland<\/td>\n<\/tr>\n<tr>\n<td>Elliptec Resonant Actuator AG<\/td>\n<td>44379 Dortmund<\/td>\n<td>Deutschland<\/td>\n<\/tr>\n<tr>\n<td>Samadhi Biocybernetics GmbH<\/td>\n<td>50374 Erftstadt<\/td>\n<td>Deutschland<\/td>\n<\/tr>\n<tr>\n<td>Eugenes Biotechnologies<\/td>\n<td>78465 Konstanz<\/td>\n<td>Deutschland<\/td>\n<\/tr>\n<tr>\n<td>Staatsweingut Meersburg<\/td>\n<td>88709 Meersburg<\/td>\n<td>Deutschland<\/td>\n<\/tr>\n<tr>\n<td>Westf\u00e4lische Wilhelmsuniversit\u00e4t M\u00fcnster<\/td>\n<td>48149 M\u00fcnster<\/td>\n<td>Deutschland<\/td>\n<\/tr>\n<tr>\n<td>Karlsruher Institut f\u00fcr Technologie (KIT)<\/td>\n<td>76131 Karlsruhe<\/td>\n<td>Deutschland<\/td>\n<\/tr>\n<tr>\n<td>Gastrotech Kft.<\/td>\n<td>1116 Budapest<\/td>\n<td>Ungarn<\/td>\n<\/tr>\n<tr>\n<td>Friedrich-Alexander Universit\u00e4t Erlangen<\/td>\n<td>91058 Erlangen<\/td>\n<td>Deutschland<\/td>\n<\/tr>\n<tr>\n<td>Kelly Duzsik<\/td>\n<td>CA-Alberta T1H6E3<\/td>\n<td>Kanada<\/td>\n<\/tr>\n<tr>\n<td>Schell GmbH &amp; Co. KG<\/td>\n<td>A-6405 Pfaffenhofen<\/td>\n<td>\u00d6sterreich<\/td>\n<\/tr>\n<tr>\n<td>Atotech Deutschland GmbH<\/td>\n<td>10553 Berlin<\/td>\n<td>Deutschland<\/td>\n<\/tr>\n<tr>\n<td>Simela Kordili<\/td>\n<td>GR-64100 Kavala<\/td>\n<td>Griechenland<\/td>\n<\/tr>\n<tr>\n<td>Dr. Chihiro Tanaka<\/td>\n<td>J-606-8502 Kyoto<\/td>\n<td>Japan<\/td>\n<\/tr>\n<tr>\n<td>LEA Medizintechnik GmbH<\/td>\n<td>35394 Gie\u00dfen<\/td>\n<td>Deutschland<\/td>\n<\/tr>\n<tr>\n<td>Max Planck Institut f\u00fcr Mikrobiologie<\/td>\n<td>28359 Bremen<\/td>\n<td>Deutschland<\/td>\n<\/tr>\n<tr>\n<td>Dr. J.W. Prineas<\/td>\n<td>AS-2006 Sydney<\/td>\n<td>Australien<\/td>\n<\/tr>\n<tr>\n<td>Universit\u00e4tsklinikum T\u00fcbingen<\/td>\n<td>72074 T\u00fcbingen<\/td>\n<td>Deutschland<\/td>\n<\/tr>\n<tr>\n<td>Department of Biological Sciences<\/td>\n<td>US-South Hadley<br \/>\nMA 01075<\/td>\n<td>USA<\/td>\n<\/tr>\n<tr>\n<td>Polymers GmbH<\/td>\n<td>78056 Villingen-Schwenningen<\/td>\n<td>Deutschland<\/td>\n<\/tr>\n<tr>\n<td>Universit\u00e4t Kassel<\/td>\n<td>34125 Kassel<\/td>\n<td>Deutschland<\/td>\n<\/tr>\n<tr>\n<td>CBM M\u00fcnzpr\u00fcfelektronik GmbH<\/td>\n<td>90765 F\u00fcrth<\/td>\n<td>Deutschland<\/td>\n<\/tr>\n<tr>\n<td>College f\u00fcr angewandte Osteopathie<\/td>\n<td>72202 Nagold<\/td>\n<td>Deutschland<\/td>\n<\/tr>\n<tr>\n<td>Community Pediatric Services<\/td>\n<td>US-Brookline,<br \/>\nMA 02445<\/td>\n<td>USA<\/td>\n<\/tr>\n<tr>\n<td>Keiichi Ito<\/td>\n<td>J-514-0023 Kimachi<br \/>\nTsu-City<\/td>\n<td>Japan<\/td>\n<\/tr>\n<tr>\n<td>Schreiber Messtechnik GmbH<\/td>\n<td>82041 Oberhaching<\/td>\n<td>Deutschland<\/td>\n<\/tr>\n<tr>\n<td>Freie Schule Hitzacker<\/td>\n<td>29456 Hitzacker<\/td>\n<td>Deutschland<\/td>\n<\/tr>\n<tr>\n<td>WAB Westhauser Apparatebau GmbH<\/td>\n<td>73463 Westhausen<\/td>\n<td>Deutschland<\/td>\n<\/tr>\n<tr>\n<td>BioPr\u00e4p Handels GmbH<\/td>\n<td>49080 Osnabr\u00fcck<\/td>\n<td>Deutschland<\/td>\n<\/tr>\n<tr>\n<td>Nordsee Reha Klinikum<\/td>\n<td>25826 St. Peter-Ording<\/td>\n<td>Deutschland<\/td>\n<\/tr>\n<tr>\n<td>Steve Dunkel<\/td>\n<td>US-Lakeside,<br \/>\nCA 92040<\/td>\n<td>USA<\/td>\n<\/tr>\n<tr>\n<td>John A. Benyo<\/td>\n<td>US-Garfield,<br \/>\nNJ 07026<\/td>\n<td>USA<\/td>\n<\/tr>\n<tr>\n<td>TU Darmstadt<\/td>\n<td>64287 Darmstadt<\/td>\n<td>Deutschland<\/td>\n<\/tr>\n<tr>\n<td>Unitech Medizintechnik GmbH<\/td>\n<td>89173 Lonsee<\/td>\n<td>Deutschland<\/td>\n<\/tr>\n<tr>\n<td>Christopher Wrazen<\/td>\n<td>US-Bayonne,<br \/>\nNJ 07002-3032<\/td>\n<td>USA<\/td>\n<\/tr>\n<tr>\n<td>Institut Heidger<\/td>\n<td>54518 Kesten<\/td>\n<td>Deutschland<\/td>\n<\/tr>\n<tr>\n<td>Arch\u00e4ologischer Dienst Dr. Tischer<\/td>\n<td>A-6306 S\u00f6ll<\/td>\n<td>\u00d6sterreich<\/td>\n<\/tr>\n<tr>\n<td>HL Planartechnik GmbH<\/td>\n<td>44227 Dortmund<\/td>\n<td>Deutschland<\/td>\n<\/tr>\n<tr>\n<td>John Bashinski<\/td>\n<td>US-Belmont,<br \/>\nCA 94002-1824<\/td>\n<td>USA<\/td>\n<\/tr>\n<tr>\n<td>Helmut Biffar<\/td>\n<td>US-Port Richey,<br \/>\nFL 34668-2325<\/td>\n<td>USA<\/td>\n<\/tr>\n<\/tbody>\n<\/table>\n","protected":false},"excerpt":{"rendered":"<p>Auszug aus unserer internationalen Referenzliste Forschungszentrum Karlsruhe 76344 Eggenstein Leopoldshafen Deutschland Forschungszentrum Dresden Rossendorf 01328 Dresden Deutschland University of Cambridge Cambridge CB2 3EJ Grossbritannien DuPont Performance Coatings GmbH 42285 Wuppertal Deutschland Alcan Rhenalu F-68600 Biesheim Frankreich Naturkundemuseum der Humboldt Universit\u00e4t 10115 Berlin Deutschland R\u00f6misch Germanisches Zentralmuseum 55116 Mainz Deutschland Deutsches Herzzentrum Berlin 13353 Berlin Deutschland [&hellip;]<\/p>\n","protected":false},"author":1,"featured_media":0,"parent":0,"menu_order":58,"comment_status":"closed","ping_status":"open","template":"","meta":{"footnotes":""},"class_list":["post-58","page","type-page","status-publish","hentry"],"_links":{"self":[{"href":"https:\/\/www.mikroskop-online.de\/mikroskope\/wp-json\/wp\/v2\/pages\/58","targetHints":{"allow":["GET"]}}],"collection":[{"href":"https:\/\/www.mikroskop-online.de\/mikroskope\/wp-json\/wp\/v2\/pages"}],"about":[{"href":"https:\/\/www.mikroskop-online.de\/mikroskope\/wp-json\/wp\/v2\/types\/page"}],"author":[{"embeddable":true,"href":"https:\/\/www.mikroskop-online.de\/mikroskope\/wp-json\/wp\/v2\/users\/1"}],"replies":[{"embeddable":true,"href":"https:\/\/www.mikroskop-online.de\/mikroskope\/wp-json\/wp\/v2\/comments?post=58"}],"version-history":[{"count":10,"href":"https:\/\/www.mikroskop-online.de\/mikroskope\/wp-json\/wp\/v2\/pages\/58\/revisions"}],"predecessor-version":[{"id":16062,"href":"https:\/\/www.mikroskop-online.de\/mikroskope\/wp-json\/wp\/v2\/pages\/58\/revisions\/16062"}],"wp:attachment":[{"href":"https:\/\/www.mikroskop-online.de\/mikroskope\/wp-json\/wp\/v2\/media?parent=58"}],"curies":[{"name":"wp","href":"https:\/\/api.w.org\/{rel}","templated":true}]}}