{"id":18461,"date":"2023-12-28T09:30:12","date_gmt":"2023-12-28T08:30:12","guid":{"rendered":"https:\/\/www.mikroskop-online.de\/mikroskope\/?post_type=product&#038;p=18461"},"modified":"2023-12-28T09:32:40","modified_gmt":"2023-12-28T08:32:40","slug":"leica-mz6-zoom-stereomikroskop","status":"publish","type":"product","link":"https:\/\/www.mikroskop-online.de\/mikroskope\/verkauf\/gebrauchte-mikroskope\/stereomikroskope\/leica-mz6-zoom-stereomikroskop\/","title":{"rendered":"Leica MZ6 ZOOM Stereomikroskop"},"content":{"rendered":"","protected":false},"excerpt":{"rendered":"<ul>\n<li>Zoom Stereomikroskop<\/li>\n<li>Okulare 10x\/21B (Brille)<\/li>\n<li>Objektiv mit Brennweite f=200mm<\/li>\n<li>ca. 200mm Arbeitsabstand<\/li>\n<li>Zoom Faktor 6:1 (0,63 &#8211; 4x)<\/li>\n<li>Zoom Vergr\u00f6\u00dferung 6,3x &#8211; 40x (mit dem verwendeten 0,5x Objektiv Effektivvergr\u00f6\u00dferung = 3,2x &#8211; 20x)<\/li>\n<li>f=100mm Objektiv optional gegen Aufpreis<\/li>\n<li>Kaltlichtbeleuchtung mit KL1500 LCD und Ringlicht, oder Schwanenhalslichtleiter, f\u00fcr 499,- Euro Aufpreis<\/li>\n<\/ul>\n","protected":false},"featured_media":18462,"menu_order":85,"template":"","meta":[],"product_brand":[],"product_cat":[35],"product_tag":[28],"class_list":{"0":"post-18461","1":"product","2":"type-product","3":"status-publish","4":"has-post-thumbnail","6":"product_cat-stereomikroskope","7":"product_tag-leica","9":"first","10":"instock","11":"taxable","12":"shipping-taxable","13":"purchasable","14":"product-type-simple"},"_links":{"self":[{"href":"https:\/\/www.mikroskop-online.de\/mikroskope\/wp-json\/wp\/v2\/product\/18461","targetHints":{"allow":["GET"]}}],"collection":[{"href":"https:\/\/www.mikroskop-online.de\/mikroskope\/wp-json\/wp\/v2\/product"}],"about":[{"href":"https:\/\/www.mikroskop-online.de\/mikroskope\/wp-json\/wp\/v2\/types\/product"}],"wp:featuredmedia":[{"embeddable":true,"href":"https:\/\/www.mikroskop-online.de\/mikroskope\/wp-json\/wp\/v2\/media\/18462"}],"wp:attachment":[{"href":"https:\/\/www.mikroskop-online.de\/mikroskope\/wp-json\/wp\/v2\/media?parent=18461"}],"wp:term":[{"taxonomy":"product_brand","embeddable":true,"href":"https:\/\/www.mikroskop-online.de\/mikroskope\/wp-json\/wp\/v2\/product_brand?post=18461"},{"taxonomy":"product_cat","embeddable":true,"href":"https:\/\/www.mikroskop-online.de\/mikroskope\/wp-json\/wp\/v2\/product_cat?post=18461"},{"taxonomy":"product_tag","embeddable":true,"href":"https:\/\/www.mikroskop-online.de\/mikroskope\/wp-json\/wp\/v2\/product_tag?post=18461"}],"curies":[{"name":"wp","href":"https:\/\/api.w.org\/{rel}","templated":true}]}}