{"id":18687,"date":"2023-12-28T11:07:25","date_gmt":"2023-12-28T10:07:25","guid":{"rendered":"https:\/\/www.mikroskop-online.de\/mikroskope\/?post_type=product&#038;p=18687"},"modified":"2023-12-28T11:09:58","modified_gmt":"2023-12-28T10:09:58","slug":"wild-m7s-zoom-stereomikroskop-mit-grossem-doppelarmstativ-phototubus-und-zentrieroption-im-strahlengang-fuer-photographische-aufnahmen","status":"publish","type":"product","link":"https:\/\/www.mikroskop-online.de\/mikroskope\/verkauf\/gebrauchte-mikroskope\/stereomikroskope\/wild-m7s-zoom-stereomikroskop-mit-grossem-doppelarmstativ-phototubus-und-zentrieroption-im-strahlengang-fuer-photographische-aufnahmen\/","title":{"rendered":"Wild M7S ZOOM Stereomikroskop mit gro\u00dfem Doppelarmstativ, Phototubus und Zentrieroption im Strahlengang f\u00fcr photographische Aufnahmen"},"content":{"rendered":"","protected":false},"excerpt":{"rendered":"<ul>\n<li>Wild 10x\/21 Okulare<\/li>\n<li>Objektiv mit Arbeitsabstand von ca. 100mm<\/li>\n<li>Vergr\u00f6\u00dferungen 6 x &#8211; 31x<\/li>\n<li>gro\u00dfes schweres Stativ, Mikroskop allseitig schwenkbar und kippbar<\/li>\n<li>Phototubus<\/li>\n<li>Zentrierm\u00f6glichkeit des Strahlengangs f\u00fcr Objektiv und Stativ f\u00fcr photographische Aufnahmen<\/li>\n<li>Kaltlichtbeleuchtung mit KL1500 LCD und Ringlicht, oder Schwanenhalslichtleiter, f\u00fcr 499,- Euro Aufpreis<\/li>\n<\/ul>\n","protected":false},"featured_media":18688,"menu_order":176,"template":"","meta":[],"product_brand":[],"product_cat":[35],"product_tag":[92],"class_list":{"0":"post-18687","1":"product","2":"type-product","3":"status-publish","4":"has-post-thumbnail","6":"product_cat-stereomikroskope","7":"product_tag-wild","9":"first","10":"instock","11":"taxable","12":"shipping-taxable","13":"purchasable","14":"product-type-simple"},"_links":{"self":[{"href":"https:\/\/www.mikroskop-online.de\/mikroskope\/wp-json\/wp\/v2\/product\/18687","targetHints":{"allow":["GET"]}}],"collection":[{"href":"https:\/\/www.mikroskop-online.de\/mikroskope\/wp-json\/wp\/v2\/product"}],"about":[{"href":"https:\/\/www.mikroskop-online.de\/mikroskope\/wp-json\/wp\/v2\/types\/product"}],"wp:featuredmedia":[{"embeddable":true,"href":"https:\/\/www.mikroskop-online.de\/mikroskope\/wp-json\/wp\/v2\/media\/18688"}],"wp:attachment":[{"href":"https:\/\/www.mikroskop-online.de\/mikroskope\/wp-json\/wp\/v2\/media?parent=18687"}],"wp:term":[{"taxonomy":"product_brand","embeddable":true,"href":"https:\/\/www.mikroskop-online.de\/mikroskope\/wp-json\/wp\/v2\/product_brand?post=18687"},{"taxonomy":"product_cat","embeddable":true,"href":"https:\/\/www.mikroskop-online.de\/mikroskope\/wp-json\/wp\/v2\/product_cat?post=18687"},{"taxonomy":"product_tag","embeddable":true,"href":"https:\/\/www.mikroskop-online.de\/mikroskope\/wp-json\/wp\/v2\/product_tag?post=18687"}],"curies":[{"name":"wp","href":"https:\/\/api.w.org\/{rel}","templated":true}]}}