{"id":19223,"date":"2023-12-28T18:05:06","date_gmt":"2023-12-28T17:05:06","guid":{"rendered":"https:\/\/www.mikroskop-online.de\/mikroskope\/?post_type=product&#038;p=19223"},"modified":"2023-12-28T18:07:29","modified_gmt":"2023-12-28T17:07:29","slug":"olympus-bx-auflichtmikroskop-mit-hellfeld-dunkelfeld-und-c-mount-photoanschluss","status":"publish","type":"product","link":"https:\/\/www.mikroskop-online.de\/mikroskope\/verkauf\/gebrauchte-mikroskope\/auflichtmikroskope\/olympus-bx-auflichtmikroskop-mit-hellfeld-dunkelfeld-und-c-mount-photoanschluss\/","title":{"rendered":"Olympus BX Auflichtmikroskop mit Hellfeld, Dunkelfeld und C-Mount Photoanschluss"},"content":{"rendered":"","protected":false},"excerpt":{"rendered":"<ul>\n<li>Einzelobjektivaufnahme f\u00fcr HD Objektive und Adapter f\u00fcr HF Objektive<\/li>\n<li>Olympus Auflicht Hellfeld- Dunkelfeld Objektiv UMPL FL 20x BD (andere Vergr\u00f6\u00dferungen gegen Aufpreis auf Anfrage lieferbar)<\/li>\n<li>Photoanschluss mit 0,5x C-Mount Phototubus<\/li>\n<li>stufenlos regelbare 100W Halogenbeleuchtung Auflicht<\/li>\n<li>Hellfeld\/Dunkelfeldumschaltung<\/li>\n<li>sehr gro\u00dfes, stabiles, h\u00f6henverstellbares Stativ mit Grob- Feintrieb f\u00fcr gro\u00dfe, sperrigen Proben<\/li>\n<\/ul>\n","protected":false},"featured_media":19224,"menu_order":132,"template":"","meta":[],"product_brand":[],"product_cat":[39],"product_tag":[26],"class_list":{"0":"post-19223","1":"product","2":"type-product","3":"status-publish","4":"has-post-thumbnail","6":"product_cat-auflichtmikroskope","7":"product_tag-olympus","9":"first","10":"instock","11":"taxable","12":"shipping-taxable","13":"purchasable","14":"product-type-simple"},"_links":{"self":[{"href":"https:\/\/www.mikroskop-online.de\/mikroskope\/wp-json\/wp\/v2\/product\/19223","targetHints":{"allow":["GET"]}}],"collection":[{"href":"https:\/\/www.mikroskop-online.de\/mikroskope\/wp-json\/wp\/v2\/product"}],"about":[{"href":"https:\/\/www.mikroskop-online.de\/mikroskope\/wp-json\/wp\/v2\/types\/product"}],"wp:featuredmedia":[{"embeddable":true,"href":"https:\/\/www.mikroskop-online.de\/mikroskope\/wp-json\/wp\/v2\/media\/19224"}],"wp:attachment":[{"href":"https:\/\/www.mikroskop-online.de\/mikroskope\/wp-json\/wp\/v2\/media?parent=19223"}],"wp:term":[{"taxonomy":"product_brand","embeddable":true,"href":"https:\/\/www.mikroskop-online.de\/mikroskope\/wp-json\/wp\/v2\/product_brand?post=19223"},{"taxonomy":"product_cat","embeddable":true,"href":"https:\/\/www.mikroskop-online.de\/mikroskope\/wp-json\/wp\/v2\/product_cat?post=19223"},{"taxonomy":"product_tag","embeddable":true,"href":"https:\/\/www.mikroskop-online.de\/mikroskope\/wp-json\/wp\/v2\/product_tag?post=19223"}],"curies":[{"name":"wp","href":"https:\/\/api.w.org\/{rel}","templated":true}]}}