{"id":20377,"date":"2025-12-21T17:01:58","date_gmt":"2025-12-21T16:01:58","guid":{"rendered":"https:\/\/www.mikroskop-online.de\/mikroskope\/?post_type=product&#038;p=20377"},"modified":"2025-12-21T17:15:20","modified_gmt":"2025-12-21T16:15:20","slug":"praeparatehalter-fuer-polmikroskope-mit-rasteinsaetzen-im-case","status":"publish","type":"product","link":"https:\/\/www.mikroskop-online.de\/mikroskope\/verkauf\/mikroskopteile-3\/praeparatehalter-fuer-polmikroskope-mit-rasteinsaetzen-im-case\/","title":{"rendered":"Praeparatehalter f\u00fcr Polmikroskope mit Rasteinsaetzen im Case"},"content":{"rendered":"","protected":false},"excerpt":{"rendered":"<ul>\n<li>\n<p align=\"left\"><b><u>Pr\u00e4paratehalter f\u00fcr Polmikroskope mit Rasteins\u00e4tzen im Case<\/u><\/b><\/p>\n<p align=\"left\"><b>Herstelle<\/b><strong>r: Zeiss<\/strong><\/p>\n<\/li>\n<\/ul>\n","protected":false},"featured_media":20329,"menu_order":2201,"template":"","meta":[],"product_brand":[],"product_cat":[45],"product_tag":[223],"class_list":{"0":"post-20377","1":"product","2":"type-product","3":"status-publish","4":"has-post-thumbnail","6":"product_cat-mikroskopteile-3","7":"product_tag-praeparatehalter-fuer-polmikroskope-mit-rasteinsaetzen-im-case","9":"first","10":"instock","11":"taxable","12":"shipping-taxable","13":"purchasable","14":"product-type-simple"},"_links":{"self":[{"href":"https:\/\/www.mikroskop-online.de\/mikroskope\/wp-json\/wp\/v2\/product\/20377","targetHints":{"allow":["GET"]}}],"collection":[{"href":"https:\/\/www.mikroskop-online.de\/mikroskope\/wp-json\/wp\/v2\/product"}],"about":[{"href":"https:\/\/www.mikroskop-online.de\/mikroskope\/wp-json\/wp\/v2\/types\/product"}],"wp:featuredmedia":[{"embeddable":true,"href":"https:\/\/www.mikroskop-online.de\/mikroskope\/wp-json\/wp\/v2\/media\/20329"}],"wp:attachment":[{"href":"https:\/\/www.mikroskop-online.de\/mikroskope\/wp-json\/wp\/v2\/media?parent=20377"}],"wp:term":[{"taxonomy":"product_brand","embeddable":true,"href":"https:\/\/www.mikroskop-online.de\/mikroskope\/wp-json\/wp\/v2\/product_brand?post=20377"},{"taxonomy":"product_cat","embeddable":true,"href":"https:\/\/www.mikroskop-online.de\/mikroskope\/wp-json\/wp\/v2\/product_cat?post=20377"},{"taxonomy":"product_tag","embeddable":true,"href":"https:\/\/www.mikroskop-online.de\/mikroskope\/wp-json\/wp\/v2\/product_tag?post=20377"}],"curies":[{"name":"wp","href":"https:\/\/api.w.org\/{rel}","templated":true}]}}