{"id":3739,"date":"2013-03-07T20:37:16","date_gmt":"2013-03-07T19:37:16","guid":{"rendered":"https:\/\/www.mikroskop-online.de\/mikroskope\/?post_type=product&#038;p=3739"},"modified":"2013-03-07T20:37:16","modified_gmt":"2013-03-07T19:37:16","slug":"fluoreszenztubus-mit-filterwurfelwechsler-ohne-filterwurfel","status":"publish","type":"product","link":"https:\/\/www.mikroskop-online.de\/mikroskope\/verkauf\/mikroskopteile-2\/fluoreszenztubus-mit-filterwurfelwechsler-ohne-filterwurfel\/","title":{"rendered":"Fluoreszenztubus mit Filterw\u00fcrfelwechsler (ohne Filterw\u00fcrfel)"},"content":{"rendered":"","protected":false},"excerpt":{"rendered":"<ul>\n<li>Hersteller: Leica<\/li>\n<li>zum Nachr\u00fcsten f\u00fcr Leica Mikroskope (HQ Lampenh\u00e4user und Vorschaltger\u00e4te am Lager)<\/li>\n<\/ul>\n","protected":false},"featured_media":3740,"menu_order":1416,"template":"","meta":[],"product_brand":[],"product_cat":[44],"product_tag":[28],"class_list":{"0":"post-3739","1":"product","2":"type-product","3":"status-publish","4":"has-post-thumbnail","6":"product_cat-mikroskopteile-2","7":"product_tag-leica","9":"first","10":"instock","11":"taxable","12":"shipping-taxable","13":"purchasable","14":"product-type-simple"},"_links":{"self":[{"href":"https:\/\/www.mikroskop-online.de\/mikroskope\/wp-json\/wp\/v2\/product\/3739","targetHints":{"allow":["GET"]}}],"collection":[{"href":"https:\/\/www.mikroskop-online.de\/mikroskope\/wp-json\/wp\/v2\/product"}],"about":[{"href":"https:\/\/www.mikroskop-online.de\/mikroskope\/wp-json\/wp\/v2\/types\/product"}],"wp:featuredmedia":[{"embeddable":true,"href":"https:\/\/www.mikroskop-online.de\/mikroskope\/wp-json\/wp\/v2\/media\/3740"}],"wp:attachment":[{"href":"https:\/\/www.mikroskop-online.de\/mikroskope\/wp-json\/wp\/v2\/media?parent=3739"}],"wp:term":[{"taxonomy":"product_brand","embeddable":true,"href":"https:\/\/www.mikroskop-online.de\/mikroskope\/wp-json\/wp\/v2\/product_brand?post=3739"},{"taxonomy":"product_cat","embeddable":true,"href":"https:\/\/www.mikroskop-online.de\/mikroskope\/wp-json\/wp\/v2\/product_cat?post=3739"},{"taxonomy":"product_tag","embeddable":true,"href":"https:\/\/www.mikroskop-online.de\/mikroskope\/wp-json\/wp\/v2\/product_tag?post=3739"}],"curies":[{"name":"wp","href":"https:\/\/api.w.org\/{rel}","templated":true}]}}