{"id":6204,"date":"2013-03-13T18:20:51","date_gmt":"2013-03-13T17:20:51","guid":{"rendered":"https:\/\/www.mikroskop-online.de\/mikroskope\/?post_type=product&#038;p=6204"},"modified":"2013-03-13T18:20:51","modified_gmt":"2013-03-13T17:20:51","slug":"trinokulartubus-mit-tubusoberteil-und-vergroserungswechsler-fur-mikroskope-der-cf-250-serie-jenamed","status":"publish","type":"product","link":"https:\/\/www.mikroskop-online.de\/mikroskope\/verkauf\/mikroskopteile-2\/trinokulartubus-mit-tubusoberteil-und-vergroserungswechsler-fur-mikroskope-der-cf-250-serie-jenamed\/","title":{"rendered":"Trinokulartubus mit Tubusoberteil und Vergr\u00f6\u00dferungswechsler f\u00fcr Mikroskope der CF 250 Serie (Jenamed)"},"content":{"rendered":"","protected":false},"excerpt":{"rendered":"<ul>\n<li>Hersteller: Zeiss-Jena<\/li>\n<\/ul>\n","protected":false},"featured_media":6205,"menu_order":2076,"template":"","meta":[],"product_brand":[],"product_cat":[44],"product_tag":[25],"class_list":{"0":"post-6204","1":"product","2":"type-product","3":"status-publish","4":"has-post-thumbnail","6":"product_cat-mikroskopteile-2","7":"product_tag-zeiss-jena","9":"first","10":"instock","11":"taxable","12":"shipping-taxable","13":"purchasable","14":"product-type-simple"},"_links":{"self":[{"href":"https:\/\/www.mikroskop-online.de\/mikroskope\/wp-json\/wp\/v2\/product\/6204","targetHints":{"allow":["GET"]}}],"collection":[{"href":"https:\/\/www.mikroskop-online.de\/mikroskope\/wp-json\/wp\/v2\/product"}],"about":[{"href":"https:\/\/www.mikroskop-online.de\/mikroskope\/wp-json\/wp\/v2\/types\/product"}],"wp:featuredmedia":[{"embeddable":true,"href":"https:\/\/www.mikroskop-online.de\/mikroskope\/wp-json\/wp\/v2\/media\/6205"}],"wp:attachment":[{"href":"https:\/\/www.mikroskop-online.de\/mikroskope\/wp-json\/wp\/v2\/media?parent=6204"}],"wp:term":[{"taxonomy":"product_brand","embeddable":true,"href":"https:\/\/www.mikroskop-online.de\/mikroskope\/wp-json\/wp\/v2\/product_brand?post=6204"},{"taxonomy":"product_cat","embeddable":true,"href":"https:\/\/www.mikroskop-online.de\/mikroskope\/wp-json\/wp\/v2\/product_cat?post=6204"},{"taxonomy":"product_tag","embeddable":true,"href":"https:\/\/www.mikroskop-online.de\/mikroskope\/wp-json\/wp\/v2\/product_tag?post=6204"}],"curies":[{"name":"wp","href":"https:\/\/api.w.org\/{rel}","templated":true}]}}